{"id":787,"date":"2022-11-14T10:55:28","date_gmt":"2022-11-14T09:55:28","guid":{"rendered":"http:\/\/kvalitet.co.rs\/?page_id=787"},"modified":"2023-07-17T09:47:45","modified_gmt":"2023-07-17T07:47:45","slug":"medjunarodna-saradnja","status":"publish","type":"page","link":"https:\/\/kvalitet.co.rs\/en\/o-nama\/medjunarodna-saradnja\/","title":{"rendered":"International Cooperation"},"content":{"rendered":"<p>Kvalitet a.d has signed bilateral agreements on mutual acceptance of test results with the following laboratories:<\/p>\n<ul>\n<li>&#8220;<a href=\"https:\/\/www.szutest.cz\/\">SZU &#8211; Stroj\u00edrensk\u00fd zku\u0161ebn\u00ed \u00fastav<\/a> , Brno, Czech Republic<\/li>\n<li>&#8220;<a href=\"http:\/\/www.koncar.hr\/\">Kon\u010dar &#8211; Institut za elektrotehniku<\/a>&#8221; d.d., Croatia<\/li>\n<li>&#8220;NEMKO&#8221;, Norway<\/li>\n<li>&#8220;Intertek ETL SEMKO&#8221;, Sweden<\/li>\n<li>&#8220;IMQ&#8221;, Italy<\/li>\n<li>&#8220;SIQ&#8221;, Slovenia<\/li>\n<li>&#8220;T\u0170V Rheinland&#8221;, Germany<\/li>\n<\/ul>\n<p>Product testing in Kvalitet a.d. and issuing test reports are the basis for obtaining certificates, placing the CE mark and selling products on the EU market.<\/p>","protected":false},"excerpt":{"rendered":"<p>Kvalitet a.d has signed bilateral agreements on mutual acceptance of test results with the following laboratories: &#8220;SZU &#8211; Stroj\u00edrensk\u00fd zku\u0161ebn\u00ed \u00fastav , Brno, Czech Republic &#8220;Kon\u010dar &#8211; Institut za elektrotehniku&#8221; d.d., Croatia &#8220;NEMKO&#8221;, Norway &#8220;Intertek ETL SEMKO&#8221;, Sweden &#8220;IMQ&#8221;, Italy &#8220;SIQ&#8221;, Slovenia &#8220;T\u0170V Rheinland&#8221;, Germany Product testing in Kvalitet a.d. and issuing test reports are [&hellip;]<\/p>\n","protected":false},"author":1,"featured_media":0,"parent":406,"menu_order":0,"comment_status":"closed","ping_status":"closed","template":"","meta":{"footnotes":""},"class_list":["post-787","page","type-page","status-publish","hentry"],"translation":{"provider":"WPGlobus","version":"2.12.2","language":"en","enabled_languages":["sr","en"],"languages":{"sr":{"title":true,"content":true,"excerpt":false},"en":{"title":true,"content":true,"excerpt":false}}},"yoast_head":"<!-- This site is optimized with the Yoast SEO Premium plugin v21.1 (Yoast SEO v21.1) - https:\/\/yoast.com\/wordpress\/plugins\/seo\/ -->\n<title>International Cooperation - \u041a\u0432\u0430\u043b\u0438\u0442\u0435\u0442 \u0430.\u0434. \u041d\u0438\u0448<\/title>\n<meta name=\"robots\" content=\"index, follow, max-snippet:-1, max-image-preview:large, max-video-preview:-1\" \/>\n<link rel=\"canonical\" href=\"https:\/\/kvalitet.co.rs\/o-nama\/medjunarodna-saradnja\/\" \/>\n<meta property=\"og:locale\" content=\"en_US\" \/>\n<meta property=\"og:type\" content=\"article\" \/>\n<meta property=\"og:title\" content=\"International Cooperation - \u041a\u0432\u0430\u043b\u0438\u0442\u0435\u0442\" \/>\n<meta property=\"og:url\" content=\"https:\/\/kvalitet.co.rs\/o-nama\/medjunarodna-saradnja\/\" \/>\n<meta property=\"og:site_name\" content=\"\u041a\u0432\u0430\u043b\u0438\u0442\u0435\u0442\" \/>\n<meta property=\"article:modified_time\" content=\"2023-07-17T07:47:45+00:00\" \/>\n<meta name=\"twitter:card\" content=\"summary_large_image\" \/>\n<meta name=\"twitter:label1\" content=\"Est. reading time\" \/>\n\t<meta name=\"twitter:data1\" content=\"1 minute\" \/>\n<script type=\"application\/ld+json\" class=\"yoast-schema-graph\">{\"@context\":\"https:\/\/schema.org\",\"@graph\":[{\"@type\":\"WebPage\",\"@id\":\"https:\/\/kvalitet.co.rs\/o-nama\/medjunarodna-saradnja\/\",\"url\":\"https:\/\/kvalitet.co.rs\/o-nama\/medjunarodna-saradnja\/\",\"name\":\"International Cooperation - \u041a\u0432\u0430\u043b\u0438\u0442\u0435\u0442 \u0430.\u0434. \u041d\u0438\u0448\",\"isPartOf\":{\"@id\":\"https:\/\/kvalitet.co.rs\/#website\"},\"datePublished\":\"2022-11-14T09:55:28+00:00\",\"dateModified\":\"2023-07-17T07:47:45+00:00\",\"description\":\"\u041a\u0432\u0430\u043b\u0438\u0442\u0435\u0442 \u0430.\u0434. \u0438\u043c\u0430 \u043f\u043e\u0442\u043f\u0438\u0441\u0430\u043d\u0435 \u0431\u0438\u043b\u0430\u0442\u0435\u0440\u0430\u043b\u043d\u0435 \u0443\u0433\u043e\u0432\u043e\u0440\u0435 \u043e \u043c\u0435\u0452\u0443\u0441\u043e\u0431\u043d\u043e\u043c \u043f\u0440\u0438\u0445\u0432\u0430\u0442\u0430\u045a\u0443 \u0440\u0435\u0437\u0443\u043b\u0442\u0430\u0442\u0430 \u0438\u0441\u043f\u0438\u0442\u0438\u0432\u0430\u045a\u0430 \u0441\u0430 \u0441\u043b\u0435\u0434\u0435\u045b\u0438\u043c \u043b\u0430\u0431\u043e\u0440\u0430\u0442\u043e\u0440\u0438\u0458\u0430\u043c\u0430: NEMKO\u201d iz Norve\u0161ke..\",\"breadcrumb\":{\"@id\":\"https:\/\/kvalitet.co.rs\/o-nama\/medjunarodna-saradnja\/#breadcrumb\"},\"inLanguage\":\"en-US\",\"potentialAction\":[{\"@type\":\"ReadAction\",\"target\":[\"https:\/\/kvalitet.co.rs\/o-nama\/medjunarodna-saradnja\/\"]}]},{\"@type\":\"BreadcrumbList\",\"@id\":\"https:\/\/kvalitet.co.rs\/o-nama\/medjunarodna-saradnja\/#breadcrumb\",\"itemListElement\":[{\"@type\":\"ListItem\",\"position\":1,\"name\":\"Home\",\"item\":\"https:\/\/kvalitet.co.rs\/\"},{\"@type\":\"ListItem\",\"position\":2,\"name\":\"About Us\",\"item\":\"https:\/\/kvalitet.co.rs\/o-nama\/\"},{\"@type\":\"ListItem\",\"position\":3,\"name\":\"International Cooperation\"}]},{\"@type\":\"WebSite\",\"@id\":\"https:\/\/kvalitet.co.rs\/#website\",\"url\":\"https:\/\/kvalitet.co.rs\/\",\"name\":\"\u041a\u0432\u0430\u043b\u0438\u0442\u0435\u0442\",\"description\":\"Kvalitet a.d. Ni\u0161\",\"publisher\":{\"@id\":\"https:\/\/kvalitet.co.rs\/#organization\"},\"potentialAction\":[{\"@type\":\"SearchAction\",\"target\":{\"@type\":\"EntryPoint\",\"urlTemplate\":\"https:\/\/kvalitet.co.rs\/?s={search_term_string}\"},\"query-input\":\"required name=search_term_string\"}],\"inLanguage\":\"en-US\"},{\"@type\":\"Organization\",\"@id\":\"https:\/\/kvalitet.co.rs\/#organization\",\"name\":\"\u041a\u0432\u0430\u043b\u0438\u0442\u0435\u0442 \u0430.\u0434. \u041d\u0438\u0448\",\"url\":\"https:\/\/kvalitet.co.rs\/\",\"logo\":{\"@type\":\"ImageObject\",\"inLanguage\":\"en-US\",\"@id\":\"https:\/\/kvalitet.co.rs\/#\/schema\/logo\/image\/\",\"url\":\"https:\/\/kvalitet.co.rs\/wp-content\/uploads\/2022\/11\/Kvalitet-a.d.-logo.jpg\",\"contentUrl\":\"https:\/\/kvalitet.co.rs\/wp-content\/uploads\/2022\/11\/Kvalitet-a.d.-logo.jpg\",\"width\":709,\"height\":709,\"caption\":\"\u041a\u0432\u0430\u043b\u0438\u0442\u0435\u0442 \u0430.\u0434. \u041d\u0438\u0448\"},\"image\":{\"@id\":\"https:\/\/kvalitet.co.rs\/#\/schema\/logo\/image\/\"}}]}<\/script>\n<!-- \/ Yoast SEO Premium plugin. -->","yoast_head_json":{"title":"International Cooperation - \u041a\u0432\u0430\u043b\u0438\u0442\u0435\u0442 \u0430.\u0434. \u041d\u0438\u0448","robots":{"index":"index","follow":"follow","max-snippet":"max-snippet:-1","max-image-preview":"max-image-preview:large","max-video-preview":"max-video-preview:-1"},"canonical":"https:\/\/kvalitet.co.rs\/o-nama\/medjunarodna-saradnja\/","og_locale":"en_US","og_type":"article","og_title":"International Cooperation - \u041a\u0432\u0430\u043b\u0438\u0442\u0435\u0442","og_url":"https:\/\/kvalitet.co.rs\/o-nama\/medjunarodna-saradnja\/","og_site_name":"\u041a\u0432\u0430\u043b\u0438\u0442\u0435\u0442","article_modified_time":"2023-07-17T07:47:45+00:00","twitter_card":"summary_large_image","twitter_misc":{"Est. reading time":"1 minute"},"schema":{"@context":"https:\/\/schema.org","@graph":[{"@type":"WebPage","@id":"https:\/\/kvalitet.co.rs\/o-nama\/medjunarodna-saradnja\/","url":"https:\/\/kvalitet.co.rs\/o-nama\/medjunarodna-saradnja\/","name":"International Cooperation - \u041a\u0432\u0430\u043b\u0438\u0442\u0435\u0442 \u0430.\u0434. \u041d\u0438\u0448","isPartOf":{"@id":"https:\/\/kvalitet.co.rs\/#website"},"datePublished":"2022-11-14T09:55:28+00:00","dateModified":"2023-07-17T07:47:45+00:00","description":"\u041a\u0432\u0430\u043b\u0438\u0442\u0435\u0442 \u0430.\u0434. \u0438\u043c\u0430 \u043f\u043e\u0442\u043f\u0438\u0441\u0430\u043d\u0435 \u0431\u0438\u043b\u0430\u0442\u0435\u0440\u0430\u043b\u043d\u0435 \u0443\u0433\u043e\u0432\u043e\u0440\u0435 \u043e \u043c\u0435\u0452\u0443\u0441\u043e\u0431\u043d\u043e\u043c \u043f\u0440\u0438\u0445\u0432\u0430\u0442\u0430\u045a\u0443 \u0440\u0435\u0437\u0443\u043b\u0442\u0430\u0442\u0430 \u0438\u0441\u043f\u0438\u0442\u0438\u0432\u0430\u045a\u0430 \u0441\u0430 \u0441\u043b\u0435\u0434\u0435\u045b\u0438\u043c \u043b\u0430\u0431\u043e\u0440\u0430\u0442\u043e\u0440\u0438\u0458\u0430\u043c\u0430: NEMKO\u201d iz Norve\u0161ke..","breadcrumb":{"@id":"https:\/\/kvalitet.co.rs\/o-nama\/medjunarodna-saradnja\/#breadcrumb"},"inLanguage":"en-US","potentialAction":[{"@type":"ReadAction","target":["https:\/\/kvalitet.co.rs\/o-nama\/medjunarodna-saradnja\/"]}]},{"@type":"BreadcrumbList","@id":"https:\/\/kvalitet.co.rs\/o-nama\/medjunarodna-saradnja\/#breadcrumb","itemListElement":[{"@type":"ListItem","position":1,"name":"Home","item":"https:\/\/kvalitet.co.rs\/"},{"@type":"ListItem","position":2,"name":"About Us","item":"https:\/\/kvalitet.co.rs\/o-nama\/"},{"@type":"ListItem","position":3,"name":"International Cooperation"}]},{"@type":"WebSite","@id":"https:\/\/kvalitet.co.rs\/#website","url":"https:\/\/kvalitet.co.rs\/","name":"\u041a\u0432\u0430\u043b\u0438\u0442\u0435\u0442","description":"Kvalitet a.d. Ni\u0161","publisher":{"@id":"https:\/\/kvalitet.co.rs\/#organization"},"potentialAction":[{"@type":"SearchAction","target":{"@type":"EntryPoint","urlTemplate":"https:\/\/kvalitet.co.rs\/?s={search_term_string}"},"query-input":"required name=search_term_string"}],"inLanguage":"en-US"},{"@type":"Organization","@id":"https:\/\/kvalitet.co.rs\/#organization","name":"\u041a\u0432\u0430\u043b\u0438\u0442\u0435\u0442 \u0430.\u0434. \u041d\u0438\u0448","url":"https:\/\/kvalitet.co.rs\/","logo":{"@type":"ImageObject","inLanguage":"en-US","@id":"https:\/\/kvalitet.co.rs\/#\/schema\/logo\/image\/","url":"https:\/\/kvalitet.co.rs\/wp-content\/uploads\/2022\/11\/Kvalitet-a.d.-logo.jpg","contentUrl":"https:\/\/kvalitet.co.rs\/wp-content\/uploads\/2022\/11\/Kvalitet-a.d.-logo.jpg","width":709,"height":709,"caption":"\u041a\u0432\u0430\u043b\u0438\u0442\u0435\u0442 \u0430.\u0434. \u041d\u0438\u0448"},"image":{"@id":"https:\/\/kvalitet.co.rs\/#\/schema\/logo\/image\/"}}]}},"_links":{"self":[{"href":"https:\/\/kvalitet.co.rs\/en\/wp-json\/wp\/v2\/pages\/787","targetHints":{"allow":["GET"]}}],"collection":[{"href":"https:\/\/kvalitet.co.rs\/en\/wp-json\/wp\/v2\/pages"}],"about":[{"href":"https:\/\/kvalitet.co.rs\/en\/wp-json\/wp\/v2\/types\/page"}],"author":[{"embeddable":true,"href":"https:\/\/kvalitet.co.rs\/en\/wp-json\/wp\/v2\/users\/1"}],"replies":[{"embeddable":true,"href":"https:\/\/kvalitet.co.rs\/en\/wp-json\/wp\/v2\/comments?post=787"}],"version-history":[{"count":13,"href":"https:\/\/kvalitet.co.rs\/en\/wp-json\/wp\/v2\/pages\/787\/revisions"}],"predecessor-version":[{"id":1944,"href":"https:\/\/kvalitet.co.rs\/en\/wp-json\/wp\/v2\/pages\/787\/revisions\/1944"}],"up":[{"embeddable":true,"href":"https:\/\/kvalitet.co.rs\/en\/wp-json\/wp\/v2\/pages\/406"}],"wp:attachment":[{"href":"https:\/\/kvalitet.co.rs\/en\/wp-json\/wp\/v2\/media?parent=787"}],"curies":[{"name":"wp","href":"https:\/\/api.w.org\/{rel}","templated":true}]}}